{"id":17703,"date":"2025-03-14T11:36:40","date_gmt":"2025-03-14T11:36:40","guid":{"rendered":"https:\/\/crispibrand.es\/?page_id=17703"},"modified":"2025-04-30T10:55:04","modified_gmt":"2025-04-30T10:55:04","slug":"testimonios","status":"publish","type":"page","link":"https:\/\/crispibrand.es\/?page_id=17703","title":{"rendered":"Testimonios"},"content":{"rendered":"\t\t<div data-elementor-type=\"wp-page\" data-elementor-id=\"17703\" class=\"elementor elementor-17703\" data-elementor-post-type=\"page\">\n\t\t\t\t\t\t<section class=\"elementor-section elementor-top-section elementor-element elementor-element-610e77f elementor-section-height-min-height elementor-section-boxed elementor-section-height-default elementor-section-items-middle\" data-id=\"610e77f\" data-element_type=\"section\">\n\t\t\t\t\t\t\t<div class=\"elementor-background-overlay\"><\/div>\n\t\t\t\t\t\t\t<div class=\"elementor-container elementor-column-gap-no\">\n\t\t\t\t\t<div class=\"elementor-column elementor-col-100 elementor-top-column elementor-element elementor-element-e58d8c6\" data-id=\"e58d8c6\" data-element_type=\"column\">\n\t\t\t<div class=\"elementor-widget-wrap elementor-element-populated\">\n\t\t\t\t\t\t<div class=\"elementor-element elementor-element-bdfd187 elementor-widget elementor-widget-heading\" data-id=\"bdfd187\" data-element_type=\"widget\" data-widget_type=\"heading.default\">\n\t\t\t\t<div class=\"elementor-widget-container\">\n\t\t\t\t\t<h6 class=\"elementor-heading-title elementor-size-default\">TE DEJAMOS ALGUNOS<\/h6>\t\t\t\t<\/div>\n\t\t\t\t<\/div>\n\t\t\t\t<div class=\"elementor-element elementor-element-12eefa9 elementor-widget elementor-widget-heading\" data-id=\"12eefa9\" data-element_type=\"widget\" data-widget_type=\"heading.default\">\n\t\t\t\t<div class=\"elementor-widget-container\">\n\t\t\t\t\t<h1 class=\"elementor-heading-title elementor-size-default\">Testimonios<\/h1>\t\t\t\t<\/div>\n\t\t\t\t<\/div>\n\t\t\t\t\t<\/div>\n\t\t<\/div>\n\t\t\t\t\t<\/div>\n\t\t<\/section>\n\t\t<div class=\"elementor-element elementor-element-c5cd4b0 e-flex e-con-boxed e-con e-parent\" data-id=\"c5cd4b0\" data-element_type=\"container\">\n\t\t\t\t\t<div class=\"e-con-inner\">\n\t\t<div class=\"elementor-element elementor-element-f05a74c e-con-full e-flex e-con e-child\" data-id=\"f05a74c\" data-element_type=\"container\">\n\t\t\t\t<\/div>\n\t\t<div class=\"elementor-element elementor-element-738651e e-con-full e-flex e-con e-child\" data-id=\"738651e\" data-element_type=\"container\">\n\t\t\t\t<div class=\"elementor-element elementor-element-f545720 elementor-widget elementor-widget-video\" data-id=\"f545720\" data-element_type=\"widget\" data-settings=\"{&quot;video_type&quot;:&quot;hosted&quot;,&quot;autoplay&quot;:&quot;yes&quot;,&quot;controls&quot;:&quot;yes&quot;}\" data-widget_type=\"video.default\">\n\t\t\t\t<div class=\"elementor-widget-container\">\n\t\t\t\t\t\t\t<div class=\"e-hosted-video elementor-wrapper elementor-open-inline\">\n\t\t\t\t\t<video class=\"elementor-video\" src=\"https:\/\/crispibrand.es\/wp-content\/uploads\/2025\/03\/video-chaqueta-vaquera.mp4\" autoplay=\"\" controls=\"\" controlsList=\"nodownload\"><\/video>\n\t\t\t\t<\/div>\n\t\t\t\t\t\t<\/div>\n\t\t\t\t<\/div>\n\t\t\t\t<div class=\"elementor-element elementor-element-9aec16f elementor-widget elementor-widget-html\" data-id=\"9aec16f\" data-element_type=\"widget\" data-widget_type=\"html.default\">\n\t\t\t\t<div class=\"elementor-widget-container\">\n\t\t\t\t\t<!DOCTYPE html>\n<html lang=\"es\">\n<head>\n  <meta charset=\"UTF-8\">\n  <title>Opini\u00f3n de 5 Estrellas<\/title>\n  <style>\n    .opinion {\n      max-width: 500px;\n      margin: 50px auto;\n      font-family: Arial, sans-serif;\n      border: 1px solid #ddd;\n      border-radius: 10px;\n      padding: 20px;\n      box-shadow: 0 2px 8px rgba(0,0,0,0.1);\n      background-color: #fff8e1;\n    }\n    .estrellas {\n      color: #FFD700; \/* dorado *\/\n      font-size: 24px;\n      margin-bottom: 10px;\n    }\n    .comentario {\n      font-size: 16px;\n      color: #333;\n      line-height: 1.6;\n    }\n  <\/style>\n<\/head>\n<body>\n\n  <div class=\"opinion\">\n    <div class=\"estrellas\">\u2605\u2605\u2605\u2605\u2605<\/div>\n    <div class=\"comentario\">\n      La chaqueta m\u00e1s bonita que nadie me podr\u00eda haber regalado. Los personajes elegidos espec\u00edficamente para representarme. Cuando supe que hab\u00eda sido hecha a mano me pareci\u00f3 incre\u00edble. Sin duda alguna es una pasada. La gente se queda mir\u00e1ndola cuando me la pongo.\n    <\/div>\n  <\/div>\n\n<\/body>\n<\/html>\t\t\t\t<\/div>\n\t\t\t\t<\/div>\n\t\t\t\t<\/div>\n\t\t<div class=\"elementor-element elementor-element-6f6c072 e-con-full e-flex e-con e-child\" data-id=\"6f6c072\" data-element_type=\"container\">\n\t\t\t\t<\/div>\n\t\t\t\t\t<\/div>\n\t\t\t\t<\/div>\n\t\t<div class=\"elementor-element elementor-element-8b0ff5d e-flex e-con-boxed e-con e-parent\" data-id=\"8b0ff5d\" data-element_type=\"container\">\n\t\t\t\t\t<div class=\"e-con-inner\">\n\t\t<div class=\"elementor-element elementor-element-4bd2a36 e-con-full e-flex e-con e-child\" data-id=\"4bd2a36\" data-element_type=\"container\">\n\t\t\t\t<div class=\"elementor-element elementor-element-f021e91 elementor-widget elementor-widget-html\" data-id=\"f021e91\" data-element_type=\"widget\" data-widget_type=\"html.default\">\n\t\t\t\t<div class=\"elementor-widget-container\">\n\t\t\t\t\t<head>\n  <meta charset=\"UTF-8\">\n  <title>Opiniones<\/title>\n  <!-- Estilos para las rese\u00f1as -->\n  <style>\n    .opinion {\n      max-width: 500px;\n      margin: 30px auto;\n      border: 1px solid #ddd;\n      border-radius: 10px;\n      padding: 20px;\n      box-shadow: 0 2px 8px rgba(0,0,0,0.1);\n      background-color: #fff8e1;\n    }\n    .estrellas {\n      color: #FFD700;\n      font-size: 24px;\n      margin-bottom: 10px;\n    }\n    .comentario {\n      font-size: 16px;\n      color: #333;\n      line-height: 1.6;\n    }\n    .nombre {\n      font-weight: bold;\n      margin-top: 15px;\n      color: #555;\n      text-align: right;\n    }\n  <\/style>\n<\/head>\n<div class=\"opinion\">\n  <div class=\"estrellas\">\u2605\u2605\u2605\u2605\u2605<\/div>\n  <div class=\"comentario\">\n    Recomendaci\u00f3n 100% sin duda todo regalo que pienso en hacer personalizado sin duda lo hago con ellas, producto de calidad, todo lo que le dices lo mejora, llevo confiando desde 2021 y no dejar\u00e9 de recomendarla a mi entorno. Es una profesional en su sector.\n  <\/div>\n  <div class=\"nombre\">\u2014 Cristina<\/div>\n<\/div>\t\t\t\t<\/div>\n\t\t\t\t<\/div>\n\t\t\t\t<\/div>\n\t\t<div class=\"elementor-element elementor-element-a529508 e-con-full e-flex e-con e-child\" data-id=\"a529508\" data-element_type=\"container\">\n\t\t\t\t<div class=\"elementor-element elementor-element-7cf73e6 elementor-widget elementor-widget-html\" data-id=\"7cf73e6\" data-element_type=\"widget\" data-widget_type=\"html.default\">\n\t\t\t\t<div class=\"elementor-widget-container\">\n\t\t\t\t\t<div class=\"opinion\">\n  <div class=\"estrellas\">\u2605\u2605\u2605\u2605\u2605<\/div>\n  <div class=\"comentario\">\n    Estamos super contentos de crispibrand, el 1er pedido fueron unas botellas super chulas para mi mujer y para m\u00ed, seguimos despu\u00e9s con unas sudaderas bordadas super chulas, y siempre que podemos y se nos ocurre le pedimos algo.\n  <\/div>\n  <div class=\"nombre\">\u2014 Sergio<\/div>\n<\/div>\t\t\t\t<\/div>\n\t\t\t\t<\/div>\n\t\t\t\t<\/div>\n\t\t<div class=\"elementor-element elementor-element-102d516 e-con-full e-flex e-con e-child\" data-id=\"102d516\" data-element_type=\"container\">\n\t\t\t\t<div class=\"elementor-element elementor-element-8fa1215 elementor-widget elementor-widget-html\" data-id=\"8fa1215\" data-element_type=\"widget\" data-widget_type=\"html.default\">\n\t\t\t\t<div class=\"elementor-widget-container\">\n\t\t\t\t\t<div class=\"opinion\">\n  <div class=\"estrellas\">\u2605\u2605\u2605\u2605\u2605<\/div>\n  <div class=\"comentario\">\n    Bueno que decir de ella la conoc\u00ed por casualidad y no la dejar\u00e9 nunca. Sus productos una pasada y de calidad de 10000, le pidas lo que le pidas ella te ayuda sin duda. Muchas gracias por tu gran profesionalidad, eres todo amor.\n  <\/div>\n  <div class=\"nombre\">\u2014 Mila<\/div>\n<\/div>\t\t\t\t<\/div>\n\t\t\t\t<\/div>\n\t\t\t\t<\/div>\n\t\t<div class=\"elementor-element elementor-element-c6e9752 e-con-full e-flex e-con e-child\" data-id=\"c6e9752\" data-element_type=\"container\">\n\t\t\t\t<\/div>\n\t\t<div class=\"elementor-element elementor-element-b991ec1 e-con-full e-flex e-con e-child\" data-id=\"b991ec1\" data-element_type=\"container\">\n\t\t\t\t<div class=\"elementor-element elementor-element-51a9532 elementor-widget elementor-widget-html\" data-id=\"51a9532\" data-element_type=\"widget\" data-widget_type=\"html.default\">\n\t\t\t\t<div class=\"elementor-widget-container\">\n\t\t\t\t\t<div class=\"opinion\">\n  <div class=\"estrellas\">\u2605\u2605\u2605\u2605\u2605<\/div>\n  <div class=\"comentario\">\n    Crispi Brand es mi marca de referencia cuando tengo que hacer cualquier regalo. Se adapta a todas las ideas que tengas y te aconseja para que quede todo perfecto. Personaliza cada detalle y la calidad es genial. S\u00e9 que si le encargo los regalos, es imposible no acertar! 100% recomendable.\n  <\/div>\n  <div class=\"nombre\">\u2014 In\u00e9s<\/div>\n<\/div>\t\t\t\t<\/div>\n\t\t\t\t<\/div>\n\t\t\t\t<\/div>\n\t\t<div class=\"elementor-element elementor-element-3d86bc5 e-con-full e-flex e-con e-child\" data-id=\"3d86bc5\" data-element_type=\"container\">\n\t\t\t\t<\/div>\n\t\t\t\t\t<\/div>\n\t\t\t\t<\/div>\n\t\t\t\t<\/div>\n\t\t","protected":false},"excerpt":{"rendered":"<p>TE DEJAMOS ALGUNOS Testimonios https:\/\/crispibrand.es\/wp-content\/uploads\/2025\/03\/video-chaqueta-vaquera.mp4 Opini\u00f3n de 5 Estrellas \u2605\u2605\u2605\u2605\u2605 La chaqueta m\u00e1s bonita que nadie me podr\u00eda haber regalado. Los personajes elegidos espec\u00edficamente para representarme. Cuando supe que hab\u00eda sido hecha a mano me pareci\u00f3 incre\u00edble. Sin duda alguna es una pasada. La gente se queda mir\u00e1ndola cuando me la pongo. Opiniones \u2605\u2605\u2605\u2605\u2605 Recomendaci\u00f3n [&hellip;]<\/p>\n","protected":false},"author":1,"featured_media":0,"parent":0,"menu_order":0,"comment_status":"closed","ping_status":"closed","template":"","meta":{"site-sidebar-layout":"no-sidebar","site-content-layout":"page-builder","ast-site-content-layout":"","site-content-style":"default","site-sidebar-style":"default","ast-global-header-display":"","ast-banner-title-visibility":"","ast-main-header-display":"","ast-hfb-above-header-display":"","ast-hfb-below-header-display":"","ast-hfb-mobile-header-display":"","site-post-title":"disabled","ast-breadcrumbs-content":"","ast-featured-img":"disabled","footer-sml-layout":"","theme-transparent-header-meta":"default","adv-header-id-meta":"","stick-header-meta":"","header-above-stick-meta":"","header-main-stick-meta":"","header-below-stick-meta":"","astra-migrate-meta-layouts":"default","ast-page-background-enabled":"default","ast-page-background-meta":{"desktop":{"background-color":"var(--ast-global-color-4)","background-image":"","background-repeat":"repeat","background-position":"center center","background-size":"auto","background-attachment":"scroll","background-type":"","background-media":"","overlay-type":"","overlay-color":"","overlay-opacity":"","overlay-gradient":""},"tablet":{"background-color":"","background-image":"","background-repeat":"repeat","background-position":"center center","background-size":"auto","background-attachment":"scroll","background-type":"","background-media":"","overlay-type":"","overlay-color":"","overlay-opacity":"","overlay-gradient":""},"mobile":{"background-color":"","background-image":"","background-repeat":"repeat","background-position":"center center","background-size":"auto","background-attachment":"scroll","background-type":"","background-media":"","overlay-type":"","overlay-color":"","overlay-opacity":"","overlay-gradient":""}},"ast-content-background-meta":{"desktop":{"background-color":"var(--ast-global-color-5)","background-image":"","background-repeat":"repeat","background-position":"center center","background-size":"auto","background-attachment":"scroll","background-type":"","background-media":"","overlay-type":"","overlay-color":"","overlay-opacity":"","overlay-gradient":""},"tablet":{"background-color":"var(--ast-global-color-5)","background-image":"","background-repeat":"repeat","background-position":"center center","background-size":"auto","background-attachment":"scroll","background-type":"","background-media":"","overlay-type":"","overlay-color":"","overlay-opacity":"","overlay-gradient":""},"mobile":{"background-color":"var(--ast-global-color-5)","background-image":"","background-repeat":"repeat","background-position":"center center","background-size":"auto","background-attachment":"scroll","background-type":"","background-media":"","overlay-type":"","overlay-color":"","overlay-opacity":"","overlay-gradient":""}},"footnotes":""},"class_list":["post-17703","page","type-page","status-publish","hentry"],"_links":{"self":[{"href":"https:\/\/crispibrand.es\/index.php?rest_route=\/wp\/v2\/pages\/17703","targetHints":{"allow":["GET"]}}],"collection":[{"href":"https:\/\/crispibrand.es\/index.php?rest_route=\/wp\/v2\/pages"}],"about":[{"href":"https:\/\/crispibrand.es\/index.php?rest_route=\/wp\/v2\/types\/page"}],"author":[{"embeddable":true,"href":"https:\/\/crispibrand.es\/index.php?rest_route=\/wp\/v2\/users\/1"}],"replies":[{"embeddable":true,"href":"https:\/\/crispibrand.es\/index.php?rest_route=%2Fwp%2Fv2%2Fcomments&post=17703"}],"version-history":[{"count":19,"href":"https:\/\/crispibrand.es\/index.php?rest_route=\/wp\/v2\/pages\/17703\/revisions"}],"predecessor-version":[{"id":17769,"href":"https:\/\/crispibrand.es\/index.php?rest_route=\/wp\/v2\/pages\/17703\/revisions\/17769"}],"wp:attachment":[{"href":"https:\/\/crispibrand.es\/index.php?rest_route=%2Fwp%2Fv2%2Fmedia&parent=17703"}],"curies":[{"name":"wp","href":"https:\/\/api.w.org\/{rel}","templated":true}]}}