{"id":1236,"date":"2025-01-15T12:20:28","date_gmt":"2025-01-15T12:20:28","guid":{"rendered":"https:\/\/crispibrand.es\/?post_type=product&#038;p=1236"},"modified":"2025-03-13T11:24:16","modified_gmt":"2025-03-13T11:24:16","slug":"kit-para-mejores-amigas","status":"publish","type":"product","link":"https:\/\/crispibrand.es\/?product=kit-para-mejores-amigas","title":{"rendered":"Kit para mejores amigas"},"content":{"rendered":"<p>Rellena el siguiente formulario para poder personaliz\u00e1rtelo a tu gusto. Despu\u00e9s de rellenarlo, <strong>te aparecer\u00e1 un c\u00f3digo descuento para la compra.<\/strong><\/p>\n<p>&nbsp;<\/p>\n<div class=\"wpforms-container wpforms-render-modern\" id=\"wpforms-17636\"><form id=\"wpforms-form-17636\" class=\"wpforms-validate wpforms-form wpforms-ajax-form\" data-formid=\"17636\" method=\"post\" enctype=\"multipart\/form-data\" action=\"\/index.php?rest_route=%2Fwp%2Fv2%2Fproduct%2F1236&#038;wpforms_form_id=17636\" data-token=\"5623d05347d58162541c3e81b48a1edb\" data-token-time=\"1776610568\"><noscript class=\"wpforms-error-noscript\">Por favor, activa JavaScript en tu navegador para completar este formulario.<\/noscript><div class=\"wpforms-hidden\" id=\"wpforms-error-noscript\">Por favor, activa JavaScript en tu navegador para completar este formulario.<\/div><div class=\"wpforms-field-container\"><div id=\"wpforms-17636-field_1-container\" class=\"wpforms-field wpforms-field-name\" data-field-id=\"1\"><fieldset><legend class=\"wpforms-field-label\">Nombre <span class=\"wpforms-required-label\" aria-hidden=\"true\">*<\/span><\/legend><div class=\"wpforms-field-row wpforms-field-medium\"><div class=\"wpforms-field-row-block wpforms-first wpforms-one-half\"><input type=\"text\" id=\"wpforms-17636-field_1\" class=\"wpforms-field-name-first wpforms-field-required\" name=\"wpforms[fields][1][first]\" aria-errormessage=\"wpforms-17636-field_1-error\" required><label for=\"wpforms-17636-field_1\" class=\"wpforms-field-sublabel after\">Nombre<\/label><\/div><div class=\"wpforms-field-row-block wpforms-one-half\"><input type=\"text\" id=\"wpforms-17636-field_1-last\" class=\"wpforms-field-name-last wpforms-field-required\" name=\"wpforms[fields][1][last]\" aria-errormessage=\"wpforms-17636-field_1-last-error\" required><label for=\"wpforms-17636-field_1-last\" class=\"wpforms-field-sublabel after\">Apellidos<\/label><\/div><\/div><\/fieldset><\/div><div id=\"wpforms-17636-field_2-container\" class=\"wpforms-field wpforms-field-email\" data-field-id=\"2\"><label class=\"wpforms-field-label\" for=\"wpforms-17636-field_2\">Correo electr\u00f3nico <span class=\"wpforms-required-label\" aria-hidden=\"true\">*<\/span><\/label><input type=\"email\" id=\"wpforms-17636-field_2\" class=\"wpforms-field-medium wpforms-field-required\" name=\"wpforms[fields][2]\" spellcheck=\"false\" aria-errormessage=\"wpforms-17636-field_2-error\" required><\/div><div id=\"wpforms-17636-field_12-container\" class=\"wpforms-field wpforms-field-number\" data-field-id=\"12\"><label class=\"wpforms-field-label\" for=\"wpforms-17636-field_12\">N\u00famero de tel\u00e9fono <span class=\"wpforms-required-label\" aria-hidden=\"true\">*<\/span><\/label><input type=\"number\" id=\"wpforms-17636-field_12\" class=\"wpforms-field-medium wpforms-field-required\" name=\"wpforms[fields][12]\" step=\"any\" aria-errormessage=\"wpforms-17636-field_12-error\" required><\/div><div id=\"wpforms-17636-field_15-container\" class=\"wpforms-field wpforms-field-radio\" data-field-id=\"15\"><fieldset><legend class=\"wpforms-field-label\">Elige varios<\/legend><ul id=\"wpforms-17636-field_15\"><li class=\"choice-1 depth-1\"><input type=\"radio\" id=\"wpforms-17636-field_15_1\" name=\"wpforms[fields][15]\" value=\"Vaso de zumo con pajita\" aria-errormessage=\"wpforms-17636-field_15_1-error\"  ><label class=\"wpforms-field-label-inline\" for=\"wpforms-17636-field_15_1\">Vaso de zumo con pajita<\/label><\/li><li class=\"choice-2 depth-1\"><input type=\"radio\" id=\"wpforms-17636-field_15_2\" name=\"wpforms[fields][15]\" value=\"Gafas coraz\u00f3n\" aria-errormessage=\"wpforms-17636-field_15_2-error\"  ><label class=\"wpforms-field-label-inline\" for=\"wpforms-17636-field_15_2\">Gafas coraz\u00f3n<\/label><\/li><li class=\"choice-3 depth-1\"><input type=\"radio\" id=\"wpforms-17636-field_15_3\" name=\"wpforms[fields][15]\" value=\"Neceser\" aria-errormessage=\"wpforms-17636-field_15_3-error\"  ><label class=\"wpforms-field-label-inline\" for=\"wpforms-17636-field_15_3\">Neceser<\/label><\/li><li class=\"choice-4 depth-1\"><input type=\"radio\" id=\"wpforms-17636-field_15_4\" name=\"wpforms[fields][15]\" value=\"Botella isot\u00e9rmica\" aria-errormessage=\"wpforms-17636-field_15_4-error\"  ><label class=\"wpforms-field-label-inline\" for=\"wpforms-17636-field_15_4\">Botella isot\u00e9rmica<\/label><\/li><li class=\"choice-5 depth-1\"><input type=\"radio\" id=\"wpforms-17636-field_15_5\" name=\"wpforms[fields][15]\" value=\"Ilustraci\u00f3n\" aria-errormessage=\"wpforms-17636-field_15_5-error\"  ><label class=\"wpforms-field-label-inline\" for=\"wpforms-17636-field_15_5\">Ilustraci\u00f3n<\/label><\/li><li class=\"choice-7 depth-1\"><input type=\"radio\" id=\"wpforms-17636-field_15_7\" name=\"wpforms[fields][15]\" value=\"Camiseta\" aria-errormessage=\"wpforms-17636-field_15_7-error\"  ><label class=\"wpforms-field-label-inline\" for=\"wpforms-17636-field_15_7\">Camiseta<\/label><\/li><li class=\"choice-8 depth-1\"><input type=\"radio\" id=\"wpforms-17636-field_15_8\" name=\"wpforms[fields][15]\" value=\"Taza\" aria-errormessage=\"wpforms-17636-field_15_8-error\"  ><label class=\"wpforms-field-label-inline\" for=\"wpforms-17636-field_15_8\">Taza<\/label><\/li><li class=\"choice-10 depth-1\"><input type=\"radio\" id=\"wpforms-17636-field_15_10\" name=\"wpforms[fields][15]\" value=\"Vela en vaso\" aria-errormessage=\"wpforms-17636-field_15_10-error\"  ><label class=\"wpforms-field-label-inline\" for=\"wpforms-17636-field_15_10\">Vela en vaso<\/label><\/li><li class=\"choice-11 depth-1\"><input type=\"radio\" id=\"wpforms-17636-field_15_11\" name=\"wpforms[fields][15]\" value=\"Libreta\" aria-errormessage=\"wpforms-17636-field_15_11-error\"  ><label class=\"wpforms-field-label-inline\" for=\"wpforms-17636-field_15_11\">Libreta<\/label><\/li><li class=\"choice-12 depth-1\"><input type=\"radio\" id=\"wpforms-17636-field_15_12\" name=\"wpforms[fields][15]\" value=\"Vela en forma de flor\" aria-errormessage=\"wpforms-17636-field_15_12-error\"  ><label class=\"wpforms-field-label-inline\" for=\"wpforms-17636-field_15_12\">Vela en forma de flor<\/label><\/li><li class=\"choice-13 depth-1\"><input type=\"radio\" id=\"wpforms-17636-field_15_13\" name=\"wpforms[fields][15]\" value=\"Coletero\" aria-errormessage=\"wpforms-17636-field_15_13-error\"  ><label class=\"wpforms-field-label-inline\" for=\"wpforms-17636-field_15_13\">Coletero<\/label><\/li><li class=\"choice-14 depth-1\"><input type=\"radio\" id=\"wpforms-17636-field_15_14\" name=\"wpforms[fields][15]\" value=\"Set de brochas\" aria-errormessage=\"wpforms-17636-field_15_14-error\"  ><label class=\"wpforms-field-label-inline\" for=\"wpforms-17636-field_15_14\">Set de brochas<\/label><\/li><li class=\"choice-15 depth-1\"><input type=\"radio\" id=\"wpforms-17636-field_15_15\" name=\"wpforms[fields][15]\" value=\"Cacao\" aria-errormessage=\"wpforms-17636-field_15_15-error\"  ><label class=\"wpforms-field-label-inline\" for=\"wpforms-17636-field_15_15\">Cacao<\/label><\/li><li class=\"choice-16 depth-1\"><input type=\"radio\" id=\"wpforms-17636-field_15_16\" name=\"wpforms[fields][15]\" value=\"Marco de fotos de madera con foto\" aria-errormessage=\"wpforms-17636-field_15_16-error\"  ><label class=\"wpforms-field-label-inline\" for=\"wpforms-17636-field_15_16\">Marco de fotos de madera con foto<\/label><\/li><li class=\"choice-17 depth-1\"><input type=\"radio\" id=\"wpforms-17636-field_15_17\" name=\"wpforms[fields][15]\" value=\"Bolsa de tela\" aria-errormessage=\"wpforms-17636-field_15_17-error\"  ><label class=\"wpforms-field-label-inline\" for=\"wpforms-17636-field_15_17\">Bolsa de tela<\/label><\/li><li class=\"choice-18 depth-1\"><input type=\"radio\" id=\"wpforms-17636-field_15_18\" name=\"wpforms[fields][15]\" value=\"Pipeta con caf\u00e9\" aria-errormessage=\"wpforms-17636-field_15_18-error\"  ><label class=\"wpforms-field-label-inline\" for=\"wpforms-17636-field_15_18\">Pipeta con caf\u00e9<\/label><\/li><li class=\"choice-19 depth-1\"><input type=\"radio\" id=\"wpforms-17636-field_15_19\" name=\"wpforms[fields][15]\" value=\"Pipeta con t\u00e9\" aria-errormessage=\"wpforms-17636-field_15_19-error\"  ><label class=\"wpforms-field-label-inline\" for=\"wpforms-17636-field_15_19\">Pipeta con t\u00e9<\/label><\/li><li class=\"choice-20 depth-1\"><input type=\"radio\" id=\"wpforms-17636-field_15_20\" name=\"wpforms[fields][15]\" value=\"Brocheta de jab\u00f3n con su nombre\" aria-errormessage=\"wpforms-17636-field_15_20-error\"  ><label class=\"wpforms-field-label-inline\" for=\"wpforms-17636-field_15_20\">Brocheta de jab\u00f3n con su nombre<\/label><\/li><li class=\"choice-21 depth-1\"><input type=\"radio\" id=\"wpforms-17636-field_15_21\" name=\"wpforms[fields][15]\" value=\"Vaso termo para caf\u00e9\" aria-errormessage=\"wpforms-17636-field_15_21-error\"  ><label class=\"wpforms-field-label-inline\" for=\"wpforms-17636-field_15_21\">Vaso termo para caf\u00e9<\/label><\/li><li class=\"choice-22 depth-1\"><input type=\"radio\" id=\"wpforms-17636-field_15_22\" name=\"wpforms[fields][15]\" value=\"L\u00e1mpara led amiga\" aria-errormessage=\"wpforms-17636-field_15_22-error\"  ><label class=\"wpforms-field-label-inline\" for=\"wpforms-17636-field_15_22\">L\u00e1mpara led amiga<\/label><\/li><li class=\"choice-23 depth-1\"><input type=\"radio\" id=\"wpforms-17636-field_15_23\" name=\"wpforms[fields][15]\" value=\"Pinza para el pelo\" aria-errormessage=\"wpforms-17636-field_15_23-error\"  ><label class=\"wpforms-field-label-inline\" for=\"wpforms-17636-field_15_23\">Pinza para el pelo<\/label><\/li><li class=\"choice-24 depth-1\"><input type=\"radio\" id=\"wpforms-17636-field_15_24\" name=\"wpforms[fields][15]\" value=\"Copa de vino\" aria-errormessage=\"wpforms-17636-field_15_24-error\"  ><label class=\"wpforms-field-label-inline\" for=\"wpforms-17636-field_15_24\">Copa de vino<\/label><\/li><li class=\"choice-25 depth-1\"><input type=\"radio\" id=\"wpforms-17636-field_15_25\" name=\"wpforms[fields][15]\" value=\"Jarra de cerveza\" aria-errormessage=\"wpforms-17636-field_15_25-error\"  ><label class=\"wpforms-field-label-inline\" for=\"wpforms-17636-field_15_25\">Jarra de cerveza<\/label><\/li><li class=\"choice-26 depth-1\"><input type=\"radio\" id=\"wpforms-17636-field_15_26\" name=\"wpforms[fields][15]\" value=\"Llavero de cuero\" aria-errormessage=\"wpforms-17636-field_15_26-error\"  ><label class=\"wpforms-field-label-inline\" for=\"wpforms-17636-field_15_26\">Llavero de cuero<\/label><\/li><\/ul><\/fieldset><\/div><div id=\"wpforms-17636-field_13-container\" class=\"wpforms-field wpforms-field-file-upload\" data-field-id=\"13\"><label class=\"wpforms-field-label\" for=\"wpforms-17636-field_13\">Subida de archivo<\/label><div\n\t\tclass=\"wpforms-uploader\"\n\t\tdata-field-id=\"13\"\n\t\tdata-form-id=\"17636\"\n\t\tdata-input-name=\"wpforms_17636_13\"\n\t\tdata-extensions=\"jpg,jpeg,jpe,gif,png,bmp,tiff,tif,webp,avif,ico,heic,heif,heics,heifs,asf,asx,wmv,wmx,wm,avi,divx,mov,qt,mpeg,mpg,mpe,mp4,m4v,ogv,webm,mkv,3gp,3gpp,3g2,3gp2,txt,asc,c,cc,h,srt,csv,tsv,ics,rtx,css,vtt,mp3,m4a,m4b,aac,ra,ram,wav,x-wav,ogg,oga,flac,mid,midi,wma,wax,mka,rtf,pdf,class,tar,zip,gz,gzip,rar,7z,psd,xcf,doc,pot,pps,ppt,wri,xla,xls,xlt,xlw,mpp,docx,docm,dotx,dotm,xlsx,xlsm,xlsb,xltx,xltm,xlam,pptx,pptm,ppsx,ppsm,potx,potm,ppam,sldx,sldm,onetoc,onetoc2,onepkg,oxps,xps,odt,odp,ods,odg,odc,odb,odf,wp,wpd,key,numbers,pages,svg,json\"\n\t\tdata-max-size=\"33554432\"\n\t\tdata-max-file-number=\"3\"\n\t\tdata-post-max-size=\"33554432\"\n\t\tdata-max-parallel-uploads=\"4\"\n\t\tdata-parallel-uploads=\"true\"\n\t\tdata-file-chunk-size=\"2097152\">\n\t<div class=\"dz-message\">\n\t\t<svg viewBox=\"0 0 1024 1024\" focusable=\"false\" data-icon=\"inbox\" width=\"50px\" height=\"50px\" fill=\"currentColor\" aria-hidden=\"true\">\n\t\t\t<path d=\"M885.2 446.3l-.2-.8-112.2-285.1c-5-16.1-19.9-27.2-36.8-27.2H281.2c-17 0-32.1 11.3-36.9 27.6L139.4 443l-.3.7-.2.8c-1.3 4.9-1.7 9.9-1 14.8-.1 1.6-.2 3.2-.2 4.8V830a60.9 60.9 0 0 0 60.8 60.8h627.2c33.5 0 60.8-27.3 60.9-60.8V464.1c0-1.3 0-2.6-.1-3.7.4-4.9 0-9.6-1.3-14.1zm-295.8-43l-.3 15.7c-.8 44.9-31.8 75.1-77.1 75.1-22.1 0-41.1-7.1-54.8-20.6S436 441.2 435.6 419l-.3-15.7H229.5L309 210h399.2l81.7 193.3H589.4zm-375 76.8h157.3c24.3 57.1 76 90.8 140.4 90.8 33.7 0 65-9.4 90.3-27.2 22.2-15.6 39.5-37.4 50.7-63.6h156.5V814H214.4V480.1z\"><\/path>\n\t\t<\/svg>\n\t\t<span class=\"modern-title\">Haz clic o arrastra archivos a esta \u00e1rea para subirlos.<\/span>\n\n\t\t\t\t\t<span class=\"modern-hint\">Puedes subir hasta 3 archivos.<\/span>\n\t\t\t<\/div>\n<\/div>\n<input\n\t\ttype=\"text\"\n\t\tautocomplete=\"off\"\n\t\treadonly\n\t\tclass=\"dropzone-input\"\n\t\tstyle=\"position:absolute!important;clip:rect(0,0,0,0)!important;height:1px!important;width:1px!important;border:0!important;overflow:hidden!important;padding:0!important;margin:0!important;\"\n\t\tid=\"wpforms-17636-field_13\"\n\t\tname=\"wpforms_17636_13\" \t\tvalue=\"\">\n<\/div><div id=\"wpforms-17636-field_3-container\" class=\"wpforms-field wpforms-field-textarea\" data-field-id=\"3\"><label class=\"wpforms-field-label\" for=\"wpforms-17636-field_3\">Comentario o mensaje<\/label><textarea id=\"wpforms-17636-field_3\" class=\"wpforms-field-medium\" name=\"wpforms[fields][3]\" aria-errormessage=\"wpforms-17636-field_3-error\" ><\/textarea><\/div><\/div><!-- .wpforms-field-container --><div class=\"wpforms-submit-container\" ><input type=\"hidden\" name=\"wpforms[id]\" value=\"17636\"><input type=\"hidden\" name=\"page_title\" value=\"\"><input type=\"hidden\" name=\"page_url\" value=\"https:\/\/crispibrand.es\/index.php?rest_route=\/wp\/v2\/product\/1236\"><input type=\"hidden\" name=\"url_referer\" value=\"\"><button type=\"submit\" name=\"wpforms[submit]\" id=\"wpforms-submit-17636\" class=\"wpforms-submit\" data-alt-text=\"Enviando...\" data-submit-text=\"Enviar\" aria-live=\"assertive\" value=\"wpforms-submit\">Enviar<\/button><img decoding=\"async\" src=\"https:\/\/crispibrand.es\/wp-content\/plugins\/wpforms\/assets\/images\/submit-spin.svg\" class=\"wpforms-submit-spinner\" style=\"display: none;\" width=\"26\" height=\"26\" alt=\"Cargando\"><\/div><\/form><\/div>  <!-- .wpforms-container -->\n","protected":false},"excerpt":{"rendered":"<p><span class=\"TextRun SCXW87405788 BCX0\" lang=\"ES-ES\" xml:lang=\"ES-ES\" data-contrast=\"auto\"><span class=\"NormalTextRun SCXW87405788 BCX0\" data-ccp-charstyle=\"normaltextrun\" data-ccp-charstyle-defn=\"{&quot;ObjectId&quot;:&quot;3b156adf-77ed-4feb-8669-90e507f1c9fd|17&quot;,&quot;ClassId&quot;:1073872969,&quot;Properties&quot;:[201342446,&quot;1&quot;,201342447,&quot;5&quot;,201342448,&quot;1&quot;,201342449,&quot;1&quot;,469777841,&quot;Calibri&quot;,469777842,&quot;&quot;,469777843,&quot;Calibri&quot;,469777844,&quot;Calibri&quot;,201341986,&quot;1&quot;,469769226,&quot;Calibri&quot;,268442635,&quot;22&quot;,469775450,&quot;normaltextrun&quot;,201340122,&quot;1&quot;,134233614,&quot;true&quot;,469778129,&quot;normaltextrun&quot;,335572020,&quot;1&quot;,469778324,&quot;Default Paragraph Font&quot;]}\">Si quieres tener un detalle con esas amigas que siempre est\u00e1n a tu lado, nunca te dejan sola y te dan los mejores consejos, este kit seguro que les dejar\u00e1 huella en el coraz\u00f3n.<\/span><\/span><span class=\"EOP SCXW87405788 BCX0\" data-ccp-props=\"{&quot;134233117&quot;:false,&quot;134233118&quot;:false,&quot;201341983&quot;:0,&quot;335559738&quot;:0,&quot;335559739&quot;:0,&quot;335559740&quot;:240}\">\u00a0<\/span><\/p>\n","protected":false},"featured_media":0,"comment_status":"open","ping_status":"closed","template":"","meta":{"site-sidebar-layout":"default","site-content-layout":"","ast-site-content-layout":"default","site-content-style":"default","site-sidebar-style":"default","ast-global-header-display":"","ast-banner-title-visibility":"","ast-main-header-display":"","ast-hfb-above-header-display":"","ast-hfb-below-header-display":"","ast-hfb-mobile-header-display":"","site-post-title":"","ast-breadcrumbs-content":"","ast-featured-img":"","footer-sml-layout":"","theme-transparent-header-meta":"default","adv-header-id-meta":"","stick-header-meta":"","header-above-stick-meta":"","header-main-stick-meta":"","header-below-stick-meta":"","astra-migrate-meta-layouts":"set","ast-page-background-enabled":"default","ast-page-background-meta":{"desktop":{"background-color":"var(--ast-global-color-4)","background-image":"","background-repeat":"repeat","background-position":"center center","background-size":"auto","background-attachment":"scroll","background-type":"","background-media":"","overlay-type":"","overlay-color":"","overlay-opacity":"","overlay-gradient":""},"tablet":{"background-color":"","background-image":"","background-repeat":"repeat","background-position":"center center","background-size":"auto","background-attachment":"scroll","background-type":"","background-media":"","overlay-type":"","overlay-color":"","overlay-opacity":"","overlay-gradient":""},"mobile":{"background-color":"","background-image":"","background-repeat":"repeat","background-position":"center center","background-size":"auto","background-attachment":"scroll","background-type":"","background-media":"","overlay-type":"","overlay-color":"","overlay-opacity":"","overlay-gradient":""}},"ast-content-background-meta":{"desktop":{"background-color":"var(--ast-global-color-5)","background-image":"","background-repeat":"repeat","background-position":"center center","background-size":"auto","background-attachment":"scroll","background-type":"","background-media":"","overlay-type":"","overlay-color":"","overlay-opacity":"","overlay-gradient":""},"tablet":{"background-color":"var(--ast-global-color-5)","background-image":"","background-repeat":"repeat","background-position":"center center","background-size":"auto","background-attachment":"scroll","background-type":"","background-media":"","overlay-type":"","overlay-color":"","overlay-opacity":"","overlay-gradient":""},"mobile":{"background-color":"var(--ast-global-color-5)","background-image":"","background-repeat":"repeat","background-position":"center center","background-size":"auto","background-attachment":"scroll","background-type":"","background-media":"","overlay-type":"","overlay-color":"","overlay-opacity":"","overlay-gradient":""}}},"product_brand":[],"product_cat":[316],"product_tag":[],"class_list":{"0":"post-1236","1":"product","2":"type-product","3":"status-publish","5":"product_cat-kit","6":"desktop-align-left","7":"tablet-align-left","8":"mobile-align-left","10":"first","11":"instock","12":"taxable","13":"shipping-taxable","14":"product-type-variable"},"_links":{"self":[{"href":"https:\/\/crispibrand.es\/index.php?rest_route=\/wp\/v2\/product\/1236","targetHints":{"allow":["GET"]}}],"collection":[{"href":"https:\/\/crispibrand.es\/index.php?rest_route=\/wp\/v2\/product"}],"about":[{"href":"https:\/\/crispibrand.es\/index.php?rest_route=\/wp\/v2\/types\/product"}],"replies":[{"embeddable":true,"href":"https:\/\/crispibrand.es\/index.php?rest_route=%2Fwp%2Fv2%2Fcomments&post=1236"}],"wp:attachment":[{"href":"https:\/\/crispibrand.es\/index.php?rest_route=%2Fwp%2Fv2%2Fmedia&parent=1236"}],"wp:term":[{"taxonomy":"product_brand","embeddable":true,"href":"https:\/\/crispibrand.es\/index.php?rest_route=%2Fwp%2Fv2%2Fproduct_brand&post=1236"},{"taxonomy":"product_cat","embeddable":true,"href":"https:\/\/crispibrand.es\/index.php?rest_route=%2Fwp%2Fv2%2Fproduct_cat&post=1236"},{"taxonomy":"product_tag","embeddable":true,"href":"https:\/\/crispibrand.es\/index.php?rest_route=%2Fwp%2Fv2%2Fproduct_tag&post=1236"}],"curies":[{"name":"wp","href":"https:\/\/api.w.org\/{rel}","templated":true}]}}