{"id":16393,"date":"2025-02-13T13:14:49","date_gmt":"2025-02-13T13:14:49","guid":{"rendered":"https:\/\/crispibrand.es\/?post_type=product&#038;p=16393"},"modified":"2025-03-13T11:02:16","modified_gmt":"2025-03-13T11:02:16","slug":"camisetas-basicas-manga-larga-bordada","status":"publish","type":"product","link":"https:\/\/crispibrand.es\/?product=camisetas-basicas-manga-larga-bordada","title":{"rendered":"Camisetas b\u00e1sicas manga larga bordada"},"content":{"rendered":"<p>Rellena el siguiente formulario para poder personaliz\u00e1rtelo a tu gusto. Despu\u00e9s de rellenarlo, <strong>te aparecer\u00e1 un c\u00f3digo descuento para la compra.<\/strong><\/p>\n<div class=\"wpforms-container wpforms-render-modern\" id=\"wpforms-16438\"><form id=\"wpforms-form-16438\" class=\"wpforms-validate wpforms-form wpforms-ajax-form\" data-formid=\"16438\" method=\"post\" enctype=\"multipart\/form-data\" action=\"\/index.php?rest_route=%2Fwp%2Fv2%2Fproduct%2F16393\" data-token=\"177e27862c12d4d67f1a96e80cac197b\" data-token-time=\"1776604630\"><div class=\"wpforms-head-container\"><div class=\"wpforms-title\">Camisetas b\u00e1sicas manga larga bordada<\/div><\/div><noscript class=\"wpforms-error-noscript\">Por favor, activa JavaScript en tu navegador para completar este formulario.<\/noscript><div class=\"wpforms-hidden\" id=\"wpforms-error-noscript\">Por favor, activa JavaScript en tu navegador para completar este formulario.<\/div><div class=\"wpforms-field-container\"><div id=\"wpforms-16438-field_1-container\" class=\"wpforms-field wpforms-field-name\" data-field-id=\"1\"><fieldset><legend class=\"wpforms-field-label\">Nombre <span class=\"wpforms-required-label\" aria-hidden=\"true\">*<\/span><\/legend><div class=\"wpforms-field-row wpforms-field-medium\"><div class=\"wpforms-field-row-block wpforms-first wpforms-one-half\"><input type=\"text\" id=\"wpforms-16438-field_1\" class=\"wpforms-field-name-first wpforms-field-required\" name=\"wpforms[fields][1][first]\" aria-errormessage=\"wpforms-16438-field_1-error\" required><label for=\"wpforms-16438-field_1\" class=\"wpforms-field-sublabel after\">Nombre<\/label><\/div><div class=\"wpforms-field-row-block wpforms-one-half\"><input type=\"text\" id=\"wpforms-16438-field_1-last\" class=\"wpforms-field-name-last wpforms-field-required\" name=\"wpforms[fields][1][last]\" aria-errormessage=\"wpforms-16438-field_1-last-error\" required><label for=\"wpforms-16438-field_1-last\" class=\"wpforms-field-sublabel after\">Apellidos<\/label><\/div><\/div><\/fieldset><\/div><div id=\"wpforms-16438-field_2-container\" class=\"wpforms-field wpforms-field-email\" data-field-id=\"2\"><label class=\"wpforms-field-label\" for=\"wpforms-16438-field_2\">Correo electr\u00f3nico <span class=\"wpforms-required-label\" aria-hidden=\"true\">*<\/span><\/label><input type=\"email\" id=\"wpforms-16438-field_2\" class=\"wpforms-field-medium wpforms-field-required\" name=\"wpforms[fields][2]\" spellcheck=\"false\" aria-errormessage=\"wpforms-16438-field_2-error\" required><\/div><div id=\"wpforms-16438-field_11-container\" class=\"wpforms-field wpforms-field-number\" data-field-id=\"11\"><label class=\"wpforms-field-label\" for=\"wpforms-16438-field_11\">N\u00famero de tel\u00e9fono <span class=\"wpforms-required-label\" aria-hidden=\"true\">*<\/span><\/label><input type=\"number\" id=\"wpforms-16438-field_11\" class=\"wpforms-field-medium wpforms-field-required\" name=\"wpforms[fields][11]\" step=\"any\" aria-errormessage=\"wpforms-16438-field_11-error\" required><\/div><div id=\"wpforms-16438-field_6-container\" class=\"wpforms-field wpforms-field-select wpforms-field-select-style-classic\" data-field-id=\"6\"><label class=\"wpforms-field-label\" for=\"wpforms-16438-field_6\">Tipo <span class=\"wpforms-required-label\" aria-hidden=\"true\">*<\/span><\/label><select id=\"wpforms-16438-field_6\" class=\"wpforms-field-medium wpforms-field-required\" name=\"wpforms[fields][6]\" required=\"required\"><option value=\"Hombre\" >Hombre<\/option><option value=\"Mujer\" >Mujer<\/option><\/select><\/div><div id=\"wpforms-16438-field_10-container\" class=\"wpforms-field wpforms-field-select wpforms-field-select-style-classic\" data-field-id=\"10\"><label class=\"wpforms-field-label\" for=\"wpforms-16438-field_10\">Talla <span class=\"wpforms-required-label\" aria-hidden=\"true\">*<\/span><\/label><select id=\"wpforms-16438-field_10\" class=\"wpforms-field-medium wpforms-field-required\" name=\"wpforms[fields][10]\" required=\"required\"><option value=\"XS\" >XS<\/option><option value=\"S\" >S<\/option><option value=\"M\" >M<\/option><option value=\"L\" >L<\/option><option value=\"XL\" >XL<\/option><option value=\"XXL\" >XXL<\/option><option value=\"3XL\" >3XL<\/option><option value=\"4XL\" >4XL<\/option><\/select><\/div><div id=\"wpforms-16438-field_8-container\" class=\"wpforms-field wpforms-field-select wpforms-field-select-style-classic\" data-field-id=\"8\"><label class=\"wpforms-field-label\" for=\"wpforms-16438-field_8\">Ubicaci\u00f3n <span class=\"wpforms-required-label\" aria-hidden=\"true\">*<\/span><\/label><select id=\"wpforms-16438-field_8\" class=\"wpforms-field-medium wpforms-field-required\" name=\"wpforms[fields][8]\" required=\"required\"><option value=\"Pecho izquierdo\" >Pecho izquierdo<\/option><option value=\"Pecho derecho\" >Pecho derecho<\/option><option value=\"Pecho central\" >Pecho central<\/option><option value=\"Espalda\" >Espalda<\/option><option value=\"Manga\" >Manga<\/option><\/select><\/div><div id=\"wpforms-16438-field_9-container\" class=\"wpforms-field wpforms-field-select wpforms-field-select-style-classic\" data-field-id=\"9\"><label class=\"wpforms-field-label\" for=\"wpforms-16438-field_9\">Motivo <span class=\"wpforms-required-label\" aria-hidden=\"true\">*<\/span><\/label><select id=\"wpforms-16438-field_9\" class=\"wpforms-field-medium wpforms-field-required\" name=\"wpforms[fields][9]\" required=\"required\"><option value=\"Ilustraci\u00f3n a color\" >Ilustraci\u00f3n a color<\/option><option value=\"Ilustraci\u00f3n lineal\" >Ilustraci\u00f3n lineal<\/option><option value=\"Nombre\" >Nombre<\/option><option value=\"Fecha\" >Fecha<\/option><option value=\"Frase\" >Frase<\/option><option value=\"Inicial\" >Inicial<\/option><option value=\"Otros\" >Otros<\/option><\/select><\/div><div id=\"wpforms-16438-field_3-container\" class=\"wpforms-field wpforms-field-textarea\" data-field-id=\"3\"><label class=\"wpforms-field-label\" for=\"wpforms-16438-field_3\">Comentario o mensaje<\/label><textarea id=\"wpforms-16438-field_3\" class=\"wpforms-field-medium\" name=\"wpforms[fields][3]\" aria-errormessage=\"wpforms-16438-field_3-error\" ><\/textarea><\/div><\/div><!-- .wpforms-field-container --><div class=\"wpforms-submit-container\" ><input type=\"hidden\" name=\"wpforms[id]\" value=\"16438\"><input type=\"hidden\" name=\"page_title\" value=\"\"><input type=\"hidden\" name=\"page_url\" value=\"https:\/\/crispibrand.es\/index.php?rest_route=\/wp\/v2\/product\/16393\"><input type=\"hidden\" name=\"url_referer\" value=\"\"><button type=\"submit\" name=\"wpforms[submit]\" id=\"wpforms-submit-16438\" class=\"wpforms-submit\" data-alt-text=\"Enviando...\" data-submit-text=\"Enviar\" aria-live=\"assertive\" value=\"wpforms-submit\">Enviar<\/button><img decoding=\"async\" src=\"https:\/\/crispibrand.es\/wp-content\/plugins\/wpforms\/assets\/images\/submit-spin.svg\" class=\"wpforms-submit-spinner\" style=\"display: none;\" width=\"26\" height=\"26\" alt=\"Cargando\"><\/div><\/form><\/div>  <!-- .wpforms-container -->\n<p>&nbsp;<\/p>\n<p>&nbsp;<\/p>\n","protected":false},"excerpt":{"rendered":"<p><span data-contrast=\"auto\">Personaliza tu camiseta o la de los tuyos con un recuerdo \u00fanico e imborrable. Creamos \u202fun dise\u00f1o \u00fanico e irrepetible para que t\u00fa o las personas que m\u00e1s quieres se emocionen al recibirla. Al final se trata de eso, de repartir amor y hacer feliz a las personas.\u202f<\/span><span data-ccp-props=\"{&quot;134233117&quot;:false,&quot;134233118&quot;:false,&quot;201341983&quot;:0,&quot;335559738&quot;:0,&quot;335559739&quot;:0,&quot;335559740&quot;:240}\">\u00a0<\/span><\/p>\n","protected":false},"featured_media":17447,"comment_status":"open","ping_status":"closed","template":"","meta":{"site-sidebar-layout":"default","site-content-layout":"default","ast-site-content-layout":"default","site-content-style":"default","site-sidebar-style":"default","ast-global-header-display":"","ast-banner-title-visibility":"","ast-main-header-display":"","ast-hfb-above-header-display":"","ast-hfb-below-header-display":"","ast-hfb-mobile-header-display":"","site-post-title":"","ast-breadcrumbs-content":"","ast-featured-img":"","footer-sml-layout":"","theme-transparent-header-meta":"default","adv-header-id-meta":"","stick-header-meta":"","header-above-stick-meta":"","header-main-stick-meta":"","header-below-stick-meta":"","astra-migrate-meta-layouts":"set","ast-page-background-enabled":"default","ast-page-background-meta":{"desktop":{"background-color":"var(--ast-global-color-4)","background-image":"","background-repeat":"repeat","background-position":"center center","background-size":"auto","background-attachment":"scroll","background-type":"","background-media":"","overlay-type":"","overlay-color":"","overlay-opacity":"","overlay-gradient":""},"tablet":{"background-color":"","background-image":"","background-repeat":"repeat","background-position":"center center","background-size":"auto","background-attachment":"scroll","background-type":"","background-media":"","overlay-type":"","overlay-color":"","overlay-opacity":"","overlay-gradient":""},"mobile":{"background-color":"","background-image":"","background-repeat":"repeat","background-position":"center center","background-size":"auto","background-attachment":"scroll","background-type":"","background-media":"","overlay-type":"","overlay-color":"","overlay-opacity":"","overlay-gradient":""}},"ast-content-background-meta":{"desktop":{"background-color":"var(--ast-global-color-5)","background-image":"","background-repeat":"repeat","background-position":"center center","background-size":"auto","background-attachment":"scroll","background-type":"","background-media":"","overlay-type":"","overlay-color":"","overlay-opacity":"","overlay-gradient":""},"tablet":{"background-color":"var(--ast-global-color-5)","background-image":"","background-repeat":"repeat","background-position":"center center","background-size":"auto","background-attachment":"scroll","background-type":"","background-media":"","overlay-type":"","overlay-color":"","overlay-opacity":"","overlay-gradient":""},"mobile":{"background-color":"var(--ast-global-color-5)","background-image":"","background-repeat":"repeat","background-position":"center center","background-size":"auto","background-attachment":"scroll","background-type":"","background-media":"","overlay-type":"","overlay-color":"","overlay-opacity":"","overlay-gradient":""}}},"product_brand":[],"product_cat":[313],"product_tag":[],"class_list":{"0":"post-16393","1":"product","2":"type-product","3":"status-publish","4":"has-post-thumbnail","6":"product_cat-camisetas","7":"desktop-align-left","8":"tablet-align-left","9":"mobile-align-left","11":"first","12":"instock","13":"taxable","14":"shipping-taxable","15":"purchasable","16":"product-type-variable"},"_links":{"self":[{"href":"https:\/\/crispibrand.es\/index.php?rest_route=\/wp\/v2\/product\/16393","targetHints":{"allow":["GET"]}}],"collection":[{"href":"https:\/\/crispibrand.es\/index.php?rest_route=\/wp\/v2\/product"}],"about":[{"href":"https:\/\/crispibrand.es\/index.php?rest_route=\/wp\/v2\/types\/product"}],"replies":[{"embeddable":true,"href":"https:\/\/crispibrand.es\/index.php?rest_route=%2Fwp%2Fv2%2Fcomments&post=16393"}],"wp:featuredmedia":[{"embeddable":true,"href":"https:\/\/crispibrand.es\/index.php?rest_route=\/wp\/v2\/media\/17447"}],"wp:attachment":[{"href":"https:\/\/crispibrand.es\/index.php?rest_route=%2Fwp%2Fv2%2Fmedia&parent=16393"}],"wp:term":[{"taxonomy":"product_brand","embeddable":true,"href":"https:\/\/crispibrand.es\/index.php?rest_route=%2Fwp%2Fv2%2Fproduct_brand&post=16393"},{"taxonomy":"product_cat","embeddable":true,"href":"https:\/\/crispibrand.es\/index.php?rest_route=%2Fwp%2Fv2%2Fproduct_cat&post=16393"},{"taxonomy":"product_tag","embeddable":true,"href":"https:\/\/crispibrand.es\/index.php?rest_route=%2Fwp%2Fv2%2Fproduct_tag&post=16393"}],"curies":[{"name":"wp","href":"https:\/\/api.w.org\/{rel}","templated":true}]}}