{"id":17710,"date":"2025-03-14T12:30:32","date_gmt":"2025-03-14T12:30:32","guid":{"rendered":"https:\/\/crispibrand.es\/?post_type=product&#038;p=17710"},"modified":"2025-03-17T11:15:25","modified_gmt":"2025-03-17T11:15:25","slug":"chaquetas-vaqueras","status":"publish","type":"product","link":"https:\/\/crispibrand.es\/?product=chaquetas-vaqueras","title":{"rendered":"Chaquetas vaqueras"},"content":{"rendered":"<p>Rellena el siguiente formulario para poder personaliz\u00e1rtelo a tu gusto. Despu\u00e9s de rellenarlo, <strong>te aparecer\u00e1 un c\u00f3digo descuento para la compra.<\/strong><\/p>\n<p>&nbsp;<\/p>\n","protected":false},"excerpt":{"rendered":"<p><span data-contrast=\"auto\">Personaliza tu chaqueta vaquera o la de los tuyos con un recuerdo \u00fanico e imborrable. Creamos \u202fun dise\u00f1o \u00fanico e irrepetible para que t\u00fa o las personas que m\u00e1s quieres se emocionen al recibirla. Al final se trata de eso, de repartir amor y hacer feliz a las personas.\u202f<\/span><span data-ccp-props=\"{&quot;134233117&quot;:false,&quot;134233118&quot;:false,&quot;201341983&quot;:0,&quot;335559738&quot;:0,&quot;335559739&quot;:0,&quot;335559740&quot;:240}\">\u00a0<\/span><\/p>\n","protected":false},"featured_media":17747,"comment_status":"open","ping_status":"closed","template":"","meta":{"site-sidebar-layout":"default","site-content-layout":"default","ast-site-content-layout":"default","site-content-style":"default","site-sidebar-style":"default","ast-global-header-display":"","ast-banner-title-visibility":"","ast-main-header-display":"","ast-hfb-above-header-display":"","ast-hfb-below-header-display":"","ast-hfb-mobile-header-display":"","site-post-title":"","ast-breadcrumbs-content":"","ast-featured-img":"","footer-sml-layout":"","theme-transparent-header-meta":"default","adv-header-id-meta":"","stick-header-meta":"","header-above-stick-meta":"","header-main-stick-meta":"","header-below-stick-meta":"","astra-migrate-meta-layouts":"set","ast-page-background-enabled":"default","ast-page-background-meta":{"desktop":{"background-color":"var(--ast-global-color-4)","background-image":"","background-repeat":"repeat","background-position":"center center","background-size":"auto","background-attachment":"scroll","background-type":"","background-media":"","overlay-type":"","overlay-color":"","overlay-opacity":"","overlay-gradient":""},"tablet":{"background-color":"","background-image":"","background-repeat":"repeat","background-position":"center center","background-size":"auto","background-attachment":"scroll","background-type":"","background-media":"","overlay-type":"","overlay-color":"","overlay-opacity":"","overlay-gradient":""},"mobile":{"background-color":"","background-image":"","background-repeat":"repeat","background-position":"center center","background-size":"auto","background-attachment":"scroll","background-type":"","background-media":"","overlay-type":"","overlay-color":"","overlay-opacity":"","overlay-gradient":""}},"ast-content-background-meta":{"desktop":{"background-color":"var(--ast-global-color-5)","background-image":"","background-repeat":"repeat","background-position":"center center","background-size":"auto","background-attachment":"scroll","background-type":"","background-media":"","overlay-type":"","overlay-color":"","overlay-opacity":"","overlay-gradient":""},"tablet":{"background-color":"var(--ast-global-color-5)","background-image":"","background-repeat":"repeat","background-position":"center center","background-size":"auto","background-attachment":"scroll","background-type":"","background-media":"","overlay-type":"","overlay-color":"","overlay-opacity":"","overlay-gradient":""},"mobile":{"background-color":"var(--ast-global-color-5)","background-image":"","background-repeat":"repeat","background-position":"center center","background-size":"auto","background-attachment":"scroll","background-type":"","background-media":"","overlay-type":"","overlay-color":"","overlay-opacity":"","overlay-gradient":""}}},"product_brand":[],"product_cat":[15,323],"product_tag":[],"class_list":{"0":"post-17710","1":"product","2":"type-product","3":"status-publish","4":"has-post-thumbnail","6":"product_cat-chaqueta-vaquera","7":"product_cat-top-ventas","8":"desktop-align-left","9":"tablet-align-left","10":"mobile-align-left","12":"first","13":"instock","14":"taxable","15":"shipping-taxable","16":"purchasable","17":"product-type-variable"},"_links":{"self":[{"href":"https:\/\/crispibrand.es\/index.php?rest_route=\/wp\/v2\/product\/17710","targetHints":{"allow":["GET"]}}],"collection":[{"href":"https:\/\/crispibrand.es\/index.php?rest_route=\/wp\/v2\/product"}],"about":[{"href":"https:\/\/crispibrand.es\/index.php?rest_route=\/wp\/v2\/types\/product"}],"replies":[{"embeddable":true,"href":"https:\/\/crispibrand.es\/index.php?rest_route=%2Fwp%2Fv2%2Fcomments&post=17710"}],"wp:featuredmedia":[{"embeddable":true,"href":"https:\/\/crispibrand.es\/index.php?rest_route=\/wp\/v2\/media\/17747"}],"wp:attachment":[{"href":"https:\/\/crispibrand.es\/index.php?rest_route=%2Fwp%2Fv2%2Fmedia&parent=17710"}],"wp:term":[{"taxonomy":"product_brand","embeddable":true,"href":"https:\/\/crispibrand.es\/index.php?rest_route=%2Fwp%2Fv2%2Fproduct_brand&post=17710"},{"taxonomy":"product_cat","embeddable":true,"href":"https:\/\/crispibrand.es\/index.php?rest_route=%2Fwp%2Fv2%2Fproduct_cat&post=17710"},{"taxonomy":"product_tag","embeddable":true,"href":"https:\/\/crispibrand.es\/index.php?rest_route=%2Fwp%2Fv2%2Fproduct_tag&post=17710"}],"curies":[{"name":"wp","href":"https:\/\/api.w.org\/{rel}","templated":true}]}}